{"id":2933,"date":"2024-06-13T10:59:50","date_gmt":"2024-06-13T10:59:50","guid":{"rendered":"https:\/\/trankad.modeltheme.com\/elementor\/?page_id=2933"},"modified":"2025-07-07T19:15:36","modified_gmt":"2025-07-07T17:15:36","slug":"our-team","status":"publish","type":"page","link":"https:\/\/legoasdufftp.fr\/index.php\/our-team\/","title":{"rendered":"Our Team"},"content":{"rendered":"\t\t<div data-elementor-type=\"wp-page\" data-elementor-id=\"2933\" class=\"elementor elementor-2933\">\n\t\t\t\t\t\t<section class=\"elementor-section elementor-top-section elementor-element elementor-element-408a879 elementor-section-stretched elementor-section-boxed elementor-section-height-default elementor-section-height-default\" data-id=\"408a879\" data-element_type=\"section\" data-settings=\"{&quot;background_background&quot;:&quot;classic&quot;,&quot;stretch_section&quot;:&quot;section-stretched&quot;}\">\n\t\t\t\t\t\t<div class=\"elementor-container elementor-column-gap-default\">\n\t\t\t\t\t<div class=\"elementor-column elementor-col-100 elementor-top-column elementor-element elementor-element-7449451\" data-id=\"7449451\" data-element_type=\"column\" data-settings=\"{&quot;background_background&quot;:&quot;classic&quot;}\">\n\t\t\t<div class=\"elementor-widget-wrap elementor-element-populated\">\n\t\t\t\t<div class=\"elementor-element elementor-element-0f94007 e-flex e-con-boxed e-con e-parent\" data-id=\"0f94007\" data-element_type=\"container\">\n\t\t\t\t\t<div class=\"e-con-inner\">\n\t\t<div class=\"elementor-element elementor-element-08033ae e-flex e-con-boxed e-con e-child\" data-id=\"08033ae\" data-element_type=\"container\">\n\t\t\t\t\t<div class=\"e-con-inner\">\n\t\t\t\t<div class=\"elementor-element elementor-element-64bc12c elementor-widget elementor-widget-heading\" data-id=\"64bc12c\" data-element_type=\"widget\" data-widget_type=\"heading.default\">\n\t\t\t\t\t<div class=\"elementor-heading-title elementor-size-default\">Notre mat\u00e9riel<\/div>\t\t\t\t<\/div>\n\t\t\t\t<div class=\"elementor-element elementor-element-65256c1 elementor-widget elementor-widget-heading\" data-id=\"65256c1\" data-element_type=\"widget\" data-widget_type=\"heading.default\">\n\t\t\t\t\t<h2 class=\"elementor-heading-title elementor-size-default\">Fiabilit\u00e9 et performance :<\/br>\nNotre mat\u00e9riel \u00e0 la hauteur de vos chantiers<\/h2>\t\t\t\t<\/div>\n\t\t\t\t<div class=\"elementor-element elementor-element-272eca4 elementor-widget elementor-widget-image\" data-id=\"272eca4\" data-element_type=\"widget\" data-widget_type=\"image.default\">\n\t\t\t\t\t\t\t\t\t\t\t\t\t\t\t<img decoding=\"async\" width=\"100\" height=\"5\" src=\"https:\/\/legoasdufftp.fr\/wp-content\/uploads\/2024\/06\/delimiter-yellow.jpeg\" class=\"attachment-large size-large wp-image-2639\" alt=\"\" \/>\t\t\t\t\t\t\t\t\t\t\t\t\t\t\t<\/div>\n\t\t<div class=\"elementor-element elementor-element-19448cb e-flex e-con-boxed e-con e-child\" data-id=\"19448cb\" data-element_type=\"container\">\n\t\t\t\t\t<div class=\"e-con-inner\">\n\t\t\t\t<div class=\"elementor-element elementor-element-d449c5d mtadd_member4 elementor-widget elementor-widget-mtfe-members\" data-id=\"d449c5d\" data-element_type=\"widget\" data-widget_type=\"mtfe-members.default\">\n\t\t\t\t<div class=\"elementor-widget-container\">\n\t\t\t\t\t\n    \t<div class=\"mt-swipper-carusel-position\">\n       \t\t          \t\t<div id=\"mt-addons-carousel-69d0ebaeb1ecd\" \n            \t\t        data-swiper-id=\"mt-addons-carousel-69d0ebaeb1ecd\"  \n        data-swiper-autoplay=\"\"\n        data-swiper-delay=\"\" \n        data-swiper-desktop-items=\"\" \n        data-swiper-mobile-items=\"\" \n        data-swiper-tablet-items=\"\" \n        data-swiper-space-between-items=\"\" \n        data-swiper-allow-touch-move=\"\" \n        data-swiper-effect=\"\"\n        data-swiper-grab-cursor =\"\"\n        data-swiper-infinite-loop =\"\"\n        data-swiper-centered-slides =\"\"\n        data-swiper-navigation =\"\"\n        data-swiper-pagination =\"\"\n\n     class=\"mt-addons-members mtfe-row \">\n       \t\t\n          \t          \t\n                                      \t                \n                \t\t<div class=\"mt-addons-member-columns col-md-3\">\n                  \t\t\t<div class=\"mt-addons-member-columns-wrapper\">\n                 \t\t\t\t                    \t\t\t\t<div class=\"mt-addons-member-image\">\n                    \t\t\t\t\t                            \t\t\t\t<a class=\"mt-addons-member-link\" href=\"https:\/\/mt-addons.modeltheme.com\/\" alt=\"Antony Karlson\" target=\"_blank\" rel=\"nofollow\">\n                        \t\t\t\t                        \t\t\t\t<img decoding=\"async\" src=\"https:\/\/legoasdufftp.fr\/wp-content\/uploads\/2018\/06\/Logo5.png\" alt=\"Member\" \/>\n                      \t\t\t\t\t<div class=\"mt-addons-member-image-flex-zone yes\">\n                        \t\t\t\t\t<div class=\"mt-addons-member-image-flex-zone-inside member_social social-icons\">\n\t\t\t\t                          \t\t\t\t\t\t                            \t\t<a target=\"no\" href=\"https:\/\/www.facebook.com\/\"><i class=\"fab fa-facebook-f\"><\/i><\/a>\n\t\t\t\t                          \t\t                          \t\t\t\t\t\t                            \t\t\t\t\t\t<a target=\"no\" href=\"https:\/\/twitter.com\/\"><svg aria-hidden=\"true\" class=\"e-font-icon-svg e-fab-x-twitter\" viewBox=\"0 0 512 512\" xmlns=\"http:\/\/www.w3.org\/2000\/svg\"><path d=\"M389.2 48h70.6L305.6 224.2 487 464H345L233.7 318.6 106.5 464H35.8L200.7 275.5 26.8 48H172.4L272.9 180.9 389.2 48zM364.4 421.8h39.1L151.1 88h-42L364.4 421.8z\"><\/path><\/svg><\/a>\n                          \t\t\t\t\t\t                          \t\t\t\t\t\t                          \t\t\t\t\t\t                            \t\t\t\t\t\t<a target=\"no\" href=\"https:\/\/instagram.com\/\"><i class=\"fab fa-instagram\"><\/i><\/a>\n                          \t\t\t\t\t\t                          \t\t\t\t\t\t                            \t\t\t\t\t\t<a target=\"no\" href=\"https:\/\/www.youtube.com\/\"><i class=\"fab fa-youtube\"><\/i><\/a>\n                          \t\t\t\t\t\t\t\t\t\t\t                          \t                          \t\t\t\t\t\t                          \t\t\t\t\t\t                          \t\t\t\t\t\t\t\t\t\t\t                          \t\t\t\t\t\t                          \t\t\t\t\t\t                          \t\t\t\t\t\t                          \t                        \t\t\t\t\t<\/div>\n                      \t\t\t\t\t<\/div>\n                    \t\t\t\t<\/div>\n                  \t\t\t\t                  \t\t\t\t<div class=\"mt-addons-member-section\"> \n                    \t\t\t\t                      \t\t\t\t\t<h3 class=\"mt-addons-member-name\">\n                        \t\t\t\t\t<a href=\"https:\/\/mt-addons.modeltheme.com\/\" class=\"mt-addons-member-url\">Antony Karlson                        \t\t\t\t\t<\/a>\n                      \t\t\t\t\t<\/h3>\n                    \t\t\t\t                     \n                    \t\t\t\t                      \t\t\t\t\t<div class=\"mt-addons-member-position\">Owner \/ President<\/div>\n                    \t\t\t\t\n                    \t\t\t\t                  \t\t\t\t<\/div>\n                  \t\t\t<\/div>\n                \t\t<\/div>\n              \t\t                \n                \t\t<div class=\"mt-addons-member-columns col-md-3\">\n                  \t\t\t<div class=\"mt-addons-member-columns-wrapper\">\n                 \t\t\t\t                  \t\t\t\t<div class=\"mt-addons-member-section\"> \n                    \t\t\t\t                      \t\t\t\t\t<h3 class=\"mt-addons-member-name\">\n                        \t\t\t\t\t<a href=\"https:\/\/mt-addons.modeltheme.com\/\" class=\"mt-addons-member-url\">Laura Stone                        \t\t\t\t\t<\/a>\n                      \t\t\t\t\t<\/h3>\n                    \t\t\t\t                     \n                    \t\t\t\t                      \t\t\t\t\t<div class=\"mt-addons-member-position\">Vice President<\/div>\n                    \t\t\t\t\n                    \t\t\t\t                  \t\t\t\t<\/div>\n                  \t\t\t<\/div>\n                \t\t<\/div>\n              \t\t                \n                \t\t<div class=\"mt-addons-member-columns col-md-3\">\n                  \t\t\t<div class=\"mt-addons-member-columns-wrapper\">\n                 \t\t\t\t                  \t\t\t\t<div class=\"mt-addons-member-section\"> \n                    \t\t\t\t                      \t\t\t\t\t<h3 class=\"mt-addons-member-name\">\n                        \t\t\t\t\t<a href=\"https:\/\/mt-addons.modeltheme.com\/\" class=\"mt-addons-member-url\">Kelly Orlando                        \t\t\t\t\t<\/a>\n                      \t\t\t\t\t<\/h3>\n                    \t\t\t\t                     \n                    \t\t\t\t                      \t\t\t\t\t<div class=\"mt-addons-member-position\">Accounting<\/div>\n                    \t\t\t\t\n                    \t\t\t\t                  \t\t\t\t<\/div>\n                  \t\t\t<\/div>\n                \t\t<\/div>\n              \t\t                \n                \t\t<div class=\"mt-addons-member-columns col-md-3\">\n                  \t\t\t<div class=\"mt-addons-member-columns-wrapper\">\n                 \t\t\t\t                  \t\t\t\t<div class=\"mt-addons-member-section\"> \n                    \t\t\t\t                      \t\t\t\t\t<h3 class=\"mt-addons-member-name\">\n                        \t\t\t\t\t<a href=\"https:\/\/mt-addons.modeltheme.com\/\" class=\"mt-addons-member-url\">Eddie Adkins                        \t\t\t\t\t<\/a>\n                      \t\t\t\t\t<\/h3>\n                    \t\t\t\t                     \n                    \t\t\t\t                      \t\t\t\t\t<div class=\"mt-addons-member-position\">Executive director<\/div>\n                    \t\t\t\t\n                    \t\t\t\t                  \t\t\t\t<\/div>\n                  \t\t\t<\/div>\n                \t\t<\/div>\n              \t\t            \t\n\t          \t\t          \t\n\t          \t\t          \t      \n      \t\t<\/div>\n    \t<\/div>\n    \n    \t\t\t\t<\/div>\n\t\t\t\t<\/div>\n\t\t\t\t<div class=\"elementor-element elementor-element-3226d0e mtadd_member4 elementor-widget elementor-widget-mtfe-members\" data-id=\"3226d0e\" data-element_type=\"widget\" data-widget_type=\"mtfe-members.default\">\n\t\t\t\t<div class=\"elementor-widget-container\">\n\t\t\t\t\t\n    \t<div class=\"mt-swipper-carusel-position\">\n       \t\t          \t\t<div id=\"mt-addons-carousel-69d0ebaeb2f34\" \n            \t\t        data-swiper-id=\"mt-addons-carousel-69d0ebaeb2f34\"  \n        data-swiper-autoplay=\"\"\n        data-swiper-delay=\"\" \n        data-swiper-desktop-items=\"\" \n        data-swiper-mobile-items=\"\" \n        data-swiper-tablet-items=\"\" \n        data-swiper-space-between-items=\"\" \n        data-swiper-allow-touch-move=\"\" \n        data-swiper-effect=\"\"\n        data-swiper-grab-cursor =\"\"\n        data-swiper-infinite-loop =\"\"\n        data-swiper-centered-slides =\"\"\n        data-swiper-navigation =\"\"\n        data-swiper-pagination =\"\"\n\n     class=\"mt-addons-members mtfe-row \">\n       \t\t\n          \t          \t\n                                      \t                \n                \t\t<div class=\"mt-addons-member-columns col-md-3\">\n                  \t\t\t<div class=\"mt-addons-member-columns-wrapper\">\n                 \t\t\t\t                  \t\t\t\t<div class=\"mt-addons-member-section\"> \n                    \t\t\t\t                      \t\t\t\t\t<h3 class=\"mt-addons-member-name\">\n                        \t\t\t\t\t<a href=\"https:\/\/mt-addons.modeltheme.com\/\" class=\"mt-addons-member-url\">Andrew Sunshine                        \t\t\t\t\t<\/a>\n                      \t\t\t\t\t<\/h3>\n                    \t\t\t\t                     \n                    \t\t\t\t                      \t\t\t\t\t<div class=\"mt-addons-member-position\">Tax Consultant<\/div>\n                    \t\t\t\t\n                    \t\t\t\t                  \t\t\t\t<\/div>\n                  \t\t\t<\/div>\n                \t\t<\/div>\n              \t\t                \n                \t\t<div class=\"mt-addons-member-columns col-md-3\">\n                  \t\t\t<div class=\"mt-addons-member-columns-wrapper\">\n                 \t\t\t\t                  \t\t\t\t<div class=\"mt-addons-member-section\"> \n                    \t\t\t\t                      \t\t\t\t\t<h3 class=\"mt-addons-member-name\">\n                        \t\t\t\t\t<a href=\"https:\/\/mt-addons.modeltheme.com\/\" class=\"mt-addons-member-url\">Samu Kobayashi                        \t\t\t\t\t<\/a>\n                      \t\t\t\t\t<\/h3>\n                    \t\t\t\t                     \n                    \t\t\t\t                      \t\t\t\t\t<div class=\"mt-addons-member-position\">Chief engineer<\/div>\n                    \t\t\t\t\n                    \t\t\t\t                  \t\t\t\t<\/div>\n                  \t\t\t<\/div>\n                \t\t<\/div>\n              \t\t                \n                \t\t<div class=\"mt-addons-member-columns col-md-3\">\n                  \t\t\t<div class=\"mt-addons-member-columns-wrapper\">\n                 \t\t\t\t                  \t\t\t\t<div class=\"mt-addons-member-section\"> \n                    \t\t\t\t                      \t\t\t\t\t<h3 class=\"mt-addons-member-name\">\n                        \t\t\t\t\t<a href=\"https:\/\/mt-addons.modeltheme.com\/\" class=\"mt-addons-member-url\">Andrew Weak                        \t\t\t\t\t<\/a>\n                      \t\t\t\t\t<\/h3>\n                    \t\t\t\t                     \n                    \t\t\t\t                      \t\t\t\t\t<div class=\"mt-addons-member-position\">Chief engineer<\/div>\n                    \t\t\t\t\n                    \t\t\t\t                  \t\t\t\t<\/div>\n                  \t\t\t<\/div>\n                \t\t<\/div>\n              \t\t                \n                \t\t<div class=\"mt-addons-member-columns col-md-3\">\n                  \t\t\t<div class=\"mt-addons-member-columns-wrapper\">\n                 \t\t\t\t                  \t\t\t\t<div class=\"mt-addons-member-section\"> \n                    \t\t\t\t                      \t\t\t\t\t<h3 class=\"mt-addons-member-name\">\n                        \t\t\t\t\t<a href=\"https:\/\/mt-addons.modeltheme.com\/\" class=\"mt-addons-member-url\">Sam Zayne                        \t\t\t\t\t<\/a>\n                      \t\t\t\t\t<\/h3>\n                    \t\t\t\t                     \n                    \t\t\t\t                      \t\t\t\t\t<div class=\"mt-addons-member-position\">Chief engineer<\/div>\n                    \t\t\t\t\n                    \t\t\t\t                  \t\t\t\t<\/div>\n                  \t\t\t<\/div>\n                \t\t<\/div>\n              \t\t            \t\n\t          \t\t          \t\n\t          \t\t          \t      \n      \t\t<\/div>\n    \t<\/div>\n    \n    \t\t\t\t<\/div>\n\t\t\t\t<\/div>\n\t\t\t\t\t<\/div>\n\t\t\t\t<\/div>\n\t\t\t\t\t<\/div>\n\t\t\t\t<\/div>\n\t\t\t\t\t<\/div>\n\t\t\t\t<\/div>\n\t\t\t\t\t<\/div>\n\t\t<\/div>\n\t\t\t\t\t<\/div>\n\t\t<\/section>\n\t\t\t\t<section class=\"elementor-section elementor-top-section elementor-element elementor-element-3cfdbc8 elementor-section-stretched elementor-section-boxed elementor-section-height-default elementor-section-height-default\" data-id=\"3cfdbc8\" data-element_type=\"section\" data-settings=\"{&quot;background_background&quot;:&quot;classic&quot;,&quot;stretch_section&quot;:&quot;section-stretched&quot;}\">\n\t\t\t\t\t\t<div class=\"elementor-container elementor-column-gap-default\">\n\t\t\t\t\t<div class=\"elementor-column elementor-col-100 elementor-top-column elementor-element elementor-element-7d587dd\" data-id=\"7d587dd\" data-element_type=\"column\" data-settings=\"{&quot;background_background&quot;:&quot;classic&quot;}\">\n\t\t\t<div class=\"elementor-widget-wrap elementor-element-populated\">\n\t\t\t\t<div class=\"elementor-element elementor-element-9892c5b e-flex e-con-boxed e-con e-parent\" data-id=\"9892c5b\" data-element_type=\"container\">\n\t\t\t\t\t<div class=\"e-con-inner\">\n\t\t<div class=\"elementor-element elementor-element-4142214 e-con-full e-flex e-con e-child\" data-id=\"4142214\" data-element_type=\"container\">\n\t\t\t\t<div class=\"elementor-element elementor-element-45ab033 elementor-widget elementor-widget-text-editor\" data-id=\"45ab033\" data-element_type=\"widget\" data-widget_type=\"text-editor.default\">\n\t\t\t\t\t\t\t\t\t\n<div class=\"wpcf7 no-js\" id=\"wpcf7-f7-o1\" lang=\"en-US\" dir=\"ltr\" data-wpcf7-id=\"7\">\n<div class=\"screen-reader-response\"><p role=\"status\" aria-live=\"polite\" aria-atomic=\"true\"><\/p> <ul><\/ul><\/div>\n<form action=\"\/index.php\/wp-json\/wp\/v2\/pages\/2933#wpcf7-f7-o1\" method=\"post\" class=\"wpcf7-form init\" aria-label=\"Contact form\" novalidate=\"novalidate\" data-status=\"init\">\n<fieldset class=\"hidden-fields-container\"><input type=\"hidden\" name=\"_wpcf7\" value=\"7\" \/><input type=\"hidden\" name=\"_wpcf7_version\" value=\"6.1\" \/><input type=\"hidden\" name=\"_wpcf7_locale\" value=\"en_US\" \/><input type=\"hidden\" name=\"_wpcf7_unit_tag\" value=\"wpcf7-f7-o1\" \/><input type=\"hidden\" name=\"_wpcf7_container_post\" value=\"0\" \/><input type=\"hidden\" name=\"_wpcf7_posted_data_hash\" value=\"\" \/>\n<\/fieldset>\n<div class=\"trankad-contact row\">\n\t<div class=\"col-md-6\">\n\t\t<p><label><span class=\"wpcf7-form-control-wrap\" data-name=\"first-name\"><input size=\"40\" maxlength=\"400\" class=\"wpcf7-form-control wpcf7-text wpcf7-validates-as-required\" aria-required=\"true\" aria-invalid=\"false\" placeholder=\"Pr\u00e9nom\" value=\"\" type=\"text\" name=\"first-name\" \/><\/span><\/label>\n\t\t<\/p>\n\t<\/div>\n\t<div class=\"col-md-6\">\n\t\t<p><label><span class=\"wpcf7-form-control-wrap\" data-name=\"last-name\"><input size=\"40\" maxlength=\"400\" class=\"wpcf7-form-control wpcf7-text wpcf7-validates-as-required\" aria-required=\"true\" aria-invalid=\"false\" placeholder=\"Nom\" value=\"\" type=\"text\" name=\"last-name\" \/><\/span><\/label>\n\t\t<\/p>\n\t<\/div>\n\t<div class=\"col-md-6\">\n\t\t<p><label><span class=\"wpcf7-form-control-wrap\" data-name=\"email\"><input size=\"40\" maxlength=\"400\" class=\"wpcf7-form-control wpcf7-email wpcf7-validates-as-required wpcf7-text wpcf7-validates-as-email\" aria-required=\"true\" aria-invalid=\"false\" placeholder=\"Adresse e-mail\" value=\"\" type=\"email\" name=\"email\" \/><\/span><\/label>\n\t\t<\/p>\n\t<\/div>\n\t<div class=\"col-md-6\">\n\t\t<p><label><span class=\"wpcf7-form-control-wrap\" data-name=\"subject\"><input size=\"40\" maxlength=\"400\" class=\"wpcf7-form-control wpcf7-text wpcf7-validates-as-required\" aria-required=\"true\" aria-invalid=\"false\" placeholder=\"Sujet\" value=\"\" type=\"text\" name=\"subject\" \/><\/span><\/label>\n\t\t<\/p>\n\t<\/div>\n\t<div class=\"col-md-12\">\n\t\t<p><label><span class=\"wpcf7-form-control-wrap\" data-name=\"your-message\"><textarea cols=\"40\" rows=\"10\" maxlength=\"2000\" class=\"wpcf7-form-control wpcf7-textarea\" aria-invalid=\"false\" placeholder=\"Votre message\" name=\"your-message\"><\/textarea><\/span><\/label>\n\t\t<\/p>\n\t<\/div>\n\t<div class=\"col-md-12\">\n\t\t<p><button type=\"submit\" class=\"wpcf7-form-control wpcf7-submit\">ENVOYER MESSAGE <i class=\"fa fa-long-arrow-right\" aria-hidden=\"true\"><\/i><\/button>\n\t\t<\/p>\n\t<\/div>\n<\/div><div class=\"wpcf7-response-output\" aria-hidden=\"true\"><\/div>\n<\/form>\n<\/div>\n\t\t\t\t\t\t\t\t<\/div>\n\t\t\t\t<\/div>\n\t\t<div class=\"elementor-element elementor-element-d1ef65a e-con-full e-flex e-con e-child\" data-id=\"d1ef65a\" data-element_type=\"container\">\n\t\t\t\t<div class=\"elementor-element elementor-element-5ca96f9 elementor-widget elementor-widget-text-editor\" data-id=\"5ca96f9\" data-element_type=\"widget\" data-widget_type=\"text-editor.default\">\n\t\t\t\t\t\t\t\t\t<p><img decoding=\"async\" class=\"alignnone size-medium wp-image-3268\" src=\"http:\/\/legoasdufftp.fr\/wp-content\/uploads\/2025\/07\/logo_HD-300x140.jpg\" alt=\"\" width=\"300\" height=\"140\" srcset=\"https:\/\/legoasdufftp.fr\/wp-content\/uploads\/2025\/07\/logo_HD-300x140.jpg 300w, https:\/\/legoasdufftp.fr\/wp-content\/uploads\/2025\/07\/logo_HD-1024x478.jpg 1024w, https:\/\/legoasdufftp.fr\/wp-content\/uploads\/2025\/07\/logo_HD-768x358.jpg 768w, https:\/\/legoasdufftp.fr\/wp-content\/uploads\/2025\/07\/logo_HD-1536x717.jpg 1536w, https:\/\/legoasdufftp.fr\/wp-content\/uploads\/2025\/07\/logo_HD.jpg 1772w\" sizes=\"(max-width: 300px) 100vw, 300px\" \/><\/p>\t\t\t\t\t\t\t\t<\/div>\n\t\t\t\t<\/div>\n\t\t\t\t\t<\/div>\n\t\t\t\t<\/div>\n\t\t\t\t\t<\/div>\n\t\t<\/div>\n\t\t\t\t\t<\/div>\n\t\t<\/section>\n\t\t\t\t<\/div>\n\t\t","protected":false},"excerpt":{"rendered":"<p>Notre mat\u00e9riel Fiabilit\u00e9 et performance : Notre mat\u00e9riel \u00e0 la hauteur de vos chantiers Antony Karlson Owner \/ President Laura Stone Vice President Kelly Orlando Accounting Eddie Adkins Executive director Andrew Sunshine Tax Consultant Samu Kobayashi Chief engineer Andrew Weak Chief engineer Sam Zayne Chief engineer<\/p>\n","protected":false},"author":1,"featured_media":0,"parent":0,"menu_order":0,"comment_status":"closed","ping_status":"closed","template":"","meta":{"footnotes":""},"class_list":["post-2933","page","type-page","status-publish","hentry"],"_links":{"self":[{"href":"https:\/\/legoasdufftp.fr\/index.php\/wp-json\/wp\/v2\/pages\/2933","targetHints":{"allow":["GET"]}}],"collection":[{"href":"https:\/\/legoasdufftp.fr\/index.php\/wp-json\/wp\/v2\/pages"}],"about":[{"href":"https:\/\/legoasdufftp.fr\/index.php\/wp-json\/wp\/v2\/types\/page"}],"author":[{"embeddable":true,"href":"https:\/\/legoasdufftp.fr\/index.php\/wp-json\/wp\/v2\/users\/1"}],"replies":[{"embeddable":true,"href":"https:\/\/legoasdufftp.fr\/index.php\/wp-json\/wp\/v2\/comments?post=2933"}],"version-history":[{"count":3,"href":"https:\/\/legoasdufftp.fr\/index.php\/wp-json\/wp\/v2\/pages\/2933\/revisions"}],"predecessor-version":[{"id":3345,"href":"https:\/\/legoasdufftp.fr\/index.php\/wp-json\/wp\/v2\/pages\/2933\/revisions\/3345"}],"wp:attachment":[{"href":"https:\/\/legoasdufftp.fr\/index.php\/wp-json\/wp\/v2\/media?parent=2933"}],"curies":[{"name":"wp","href":"https:\/\/api.w.org\/{rel}","templated":true}]}}